{"id":67,"date":"2024-12-02T13:55:27","date_gmt":"2024-12-02T13:55:27","guid":{"rendered":"http:\/\/unitrados.com\/es\/?page_id=67"},"modified":"2024-12-27T21:10:09","modified_gmt":"2024-12-27T21:10:09","slug":"capacitacion","status":"publish","type":"page","link":"http:\/\/unitrados.com\/es\/capacitacion\/","title":{"rendered":"Capacitaci\u00f3n"},"content":{"rendered":"<p>[et_pb_section fb_built=\u00bb1&#8243; admin_label=\u00bbFeatures\u00bb _builder_version=\u00bb4.16&#8243; _module_preset=\u00bbdefault\u00bb custom_padding=\u00bb52px||8px|||\u00bb global_colors_info=\u00bb{}\u00bb][et_pb_row column_structure=\u00bb1_2,1_2&#8243; _builder_version=\u00bb4.27.4&#8243; _module_preset=\u00bbdefault\u00bb global_colors_info=\u00bb{}\u00bb][et_pb_column type=\u00bb1_2&#8243; _builder_version=\u00bb4.16&#8243; _module_preset=\u00bbdefault\u00bb global_colors_info=\u00bb{}\u00bb][et_pb_text _builder_version=\u00bb4.27.4&#8243; _module_preset=\u00bb003e9429-8e11-4d9e-968b-8881092bbf81&#8243; header_2_font=\u00bb|600|||||||\u00bb header_2_text_color=\u00bb#000000&#8243; header_2_font_size=\u00bb48px\u00bb header_2_line_height=\u00bb1.1em\u00bb max_width=\u00bb800px\u00bb custom_margin=\u00bb||0px||false|false\u00bb header_2_font_size_tablet=\u00bb30px\u00bb header_2_font_size_phone=\u00bb30px\u00bb header_2_font_size_last_edited=\u00bbon|phone\u00bb header_2_line_height_tablet=\u00bb1.2em\u00bb header_2_line_height_phone=\u00bb\u00bb header_2_line_height_last_edited=\u00bbon|phone\u00bb locked=\u00bboff\u00bb global_colors_info=\u00bb{}\u00bb]<\/p>\n<h2>Capacitaci\u00f3n<\/h2>\n<p>[\/et_pb_text][et_pb_text _builder_version=\u00bb4.27.4&#8243; _module_preset=\u00bb22d0da71-6393-430b-a0cd-b77dd565e85c\u00bb text_line_height=\u00bb1.8em\u00bb custom_margin=\u00bb||52px|||\u00bb custom_padding=\u00bb23px|||||\u00bb text_font_size_phone=\u00bb14px\u00bb text_font_size_last_edited=\u00bboff|desktop\u00bb header_font_size_tablet=\u00bb55px\u00bb header_font_size_last_edited=\u00bboff|desktop\u00bb locked=\u00bboff\u00bb global_colors_info=\u00bb{}\u00bb]<\/p>\n<p>\u00bfTienes inter\u00e9s en alguno de nuestros programas de capacitaci\u00f3n? Ponte <a href=\"http:\/\/unitrados.com\/es\/contacto\/\">en contacto con nosotros<\/a> para m\u00e1s informaci\u00f3n<\/p>\n<p>[\/et_pb_text][et_pb_blurb use_icon=\u00bbon\u00bb font_icon=\u00bb&#x4e;||divi||400&#8243; icon_color=\u00bb#00afdd\u00bb icon_placement=\u00bbleft\u00bb image_icon_width=\u00bb32px\u00bb content_max_width=\u00bb100%\u00bb image_icon_width_tablet=\u00bb32px\u00bb image_icon_width_phone=\u00bb32px\u00bb image_icon_width_last_edited=\u00bbon|desktop\u00bb _builder_version=\u00bb4.27.4&#8243; _module_preset=\u00bbbbd70754-49fa-4988-ad64-9765b3b8d0fe\u00bb header_font=\u00bb|700|||||||\u00bb header_text_color=\u00bb#000000&#8243; header_font_size=\u00bb16px\u00bb header_line_height=\u00bb1.8em\u00bb custom_margin=\u00bb-2px||10px||false|false\u00bb custom_padding=\u00bb||23px|||\u00bb hover_enabled=\u00bb0&#8243; header_font_size_tablet=\u00bb17px\u00bb header_font_size_phone=\u00bb16px\u00bb header_font_size_last_edited=\u00bbon|desktop\u00bb global_colors_info=\u00bb{}\u00bb sticky_enabled=\u00bb0&#8243; body_text_color=\u00bb#000000&#8243;]<\/p>\n<p><strong>Simplified Technical English<\/strong><br \/><strong>(para redactores \/ traductores t\u00e9cnicos)<\/strong><\/p>\n<p>C\u00f3mo redactar\/traducir procedimientos t\u00e9cnicos en un lenguaje t\u00e9cnico controlado seg\u00fan la especificaci\u00f3n ASD-STE100 (una especificaci\u00f3n internacional para redactar documentaci\u00f3n t\u00e9cnica en un lenguaje controlado). Programa de capacitaci\u00f3n personalizado (in-company o virtual).<\/p>\n<p>[\/et_pb_blurb][et_pb_blurb use_icon=\u00bbon\u00bb font_icon=\u00bb&#x4e;||divi||400&#8243; icon_color=\u00bb#00afdd\u00bb icon_placement=\u00bbleft\u00bb image_icon_width=\u00bb32px\u00bb content_max_width=\u00bb100%\u00bb image_icon_width_tablet=\u00bb32px\u00bb image_icon_width_phone=\u00bb32px\u00bb image_icon_width_last_edited=\u00bbon|desktop\u00bb _builder_version=\u00bb4.27.4&#8243; _module_preset=\u00bbbbd70754-49fa-4988-ad64-9765b3b8d0fe\u00bb header_font=\u00bb|700|||||||\u00bb header_text_color=\u00bb#000000&#8243; header_font_size=\u00bb16px\u00bb header_line_height=\u00bb1.8em\u00bb custom_margin=\u00bb||10px||false|false\u00bb custom_padding=\u00bb||27px|||\u00bb hover_enabled=\u00bb0&#8243; global_colors_info=\u00bb{}\u00bb body_text_color=\u00bb#000000&#8243; sticky_enabled=\u00bb0&#8243;]<\/p>\n<p><strong>ILAM Training<\/strong><br \/><strong>(Interpreting Language of Aircraft Maintenance)<\/strong><\/p>\n<p>Curso intensivo destinado a ayudar a los t\u00e9cnicos aeron\u00e1uticos (hablantes no nativos de ingl\u00e9s) a interpretar eficazmente la documentaci\u00f3n de mantenimiento de aeronaves desde un punto de vista ling\u00fc\u00edstico<\/p>\n<p>[\/et_pb_blurb][et_pb_blurb use_icon=\u00bbon\u00bb font_icon=\u00bb&#x4e;||divi||400&#8243; icon_color=\u00bb#00afdd\u00bb icon_placement=\u00bbleft\u00bb image_icon_width=\u00bb32px\u00bb content_max_width=\u00bb100%\u00bb image_icon_width_tablet=\u00bb32px\u00bb image_icon_width_phone=\u00bb32px\u00bb image_icon_width_last_edited=\u00bbon|desktop\u00bb _builder_version=\u00bb4.27.4&#8243; _module_preset=\u00bbbbd70754-49fa-4988-ad64-9765b3b8d0fe\u00bb header_font=\u00bb|700|||||||\u00bb header_text_color=\u00bb#000000&#8243; header_font_size=\u00bb16px\u00bb header_line_height=\u00bb1.8em\u00bb custom_margin=\u00bb||10px||false|false\u00bb hover_enabled=\u00bb0&#8243; global_colors_info=\u00bb{}\u00bb body_text_color=\u00bb#000000&#8243; sticky_enabled=\u00bb0&#8243;]<\/p>\n<p><strong>Conocimientos Aeron\u00e1uticos para Traductores<\/strong><\/p>\n<p>\u201cTranslators\u2019 guide for a safe takeoff\u201d. Niveles 1 a 3.<\/p>\n<p>[\/et_pb_blurb][\/et_pb_column][et_pb_column type=\u00bb1_2&#8243; _builder_version=\u00bb4.16&#8243; _module_preset=\u00bbdefault\u00bb global_colors_info=\u00bb{}\u00bb][dsm_masonry_gallery gallery_ids=\u00bb339,354,355,356,357,358,359&#8243; columns=\u00bb2&#8243; use_lightbox=\u00bbon\u00bb _builder_version=\u00bb4.27.4&#8243; _module_preset=\u00bbdefault\u00bb global_colors_info=\u00bb{}\u00bb][\/dsm_masonry_gallery][\/et_pb_column][\/et_pb_row][\/et_pb_section]<\/p>\n","protected":false},"excerpt":{"rendered":"<p>Capacitaci\u00f3n\u00bfTienes inter\u00e9s en alguno de nuestros programas de capacitaci\u00f3n? Ponte en contacto con nosotros para m\u00e1s informaci\u00f3nSimplified Technical English(para redactores \/ traductores t\u00e9cnicos) C\u00f3mo redactar\/traducir procedimientos t\u00e9cnicos en un lenguaje t\u00e9cnico controlado seg\u00fan la especificaci\u00f3n ASD-STE100 (una especificaci\u00f3n internacional para redactar documentaci\u00f3n t\u00e9cnica en un lenguaje controlado). Programa de capacitaci\u00f3n personalizado (in-company o virtual).ILAM Training(Interpreting Language of Aircraft Maintenance) Curso intensivo destinado a ayudar a los t\u00e9cnicos aeron\u00e1uticos (hablantes no nativos de ingl\u00e9s) a interpretar eficazmente la documentaci\u00f3n de mantenimiento de aeronaves desde un punto de vista ling\u00fc\u00edsticoConocimientos Aeron\u00e1uticos para Traductores \u201cTranslators\u2019 guide for a safe takeoff\u201d. Niveles 1 a 3.<div class=\"et_pb_module dsm_masonry_gallery dsm_masonry_gallery_0\">\n\t\t\t\t\n\t\t\t\t\n\t\t\t\t\n\t\t\t\t\n\t\t\t\t\n\t\t\t\t\n\t\t\t\t<div class=\"et_pb_module_inner\">\n\t\t\t\t\t<div class=\"dsm-gallery grid\" data-lightbox=\"true\" data-horizontalorder=\"true\">\n                <div class=\"grid-sizer\"><\/div><div class=\"gutter-sizer\"><\/div><div class=\"grid-item\">\n                    <a href=\"http:\/\/unitrados.com\/es\/wp-content\/uploads\/2024\/12\/Imagen-de-WhatsApp-2024-11-02-a-las-10.34.36_faa55c4d.jpg\"  data-title='Imagen de WhatsApp 2024-11-02 a las 10.34.36_faa55c4d'  data-caption='' data-mfp-src=\"http:\/\/unitrados.com\/es\/wp-content\/uploads\/2024\/12\/Imagen-de-WhatsApp-2024-11-02-a-las-10.34.36_faa55c4d.jpg\">\n                        <div class=\"et_pb_image_wrap\">\n                            <img loading=\"lazy\" decoding=\"async\" src=\"http:\/\/unitrados.com\/es\/wp-content\/uploads\/2024\/12\/Imagen-de-WhatsApp-2024-11-02-a-las-10.34.36_faa55c4d.jpg\" title=\"Imagen de WhatsApp 2024-11-02 a las 10.34.36_faa55c4d\" alt=\"\" class=\"dsm-skip-lazyload\" srcset=\"http:\/\/unitrados.com\/es\/wp-content\/uploads\/2024\/12\/Imagen-de-WhatsApp-2024-11-02-a-las-10.34.36_faa55c4d.jpg 1080w, http:\/\/unitrados.com\/es\/wp-content\/uploads\/2024\/12\/Imagen-de-WhatsApp-2024-11-02-a-las-10.34.36_faa55c4d-980x735.jpg 980w, http:\/\/unitrados.com\/es\/wp-content\/uploads\/2024\/12\/Imagen-de-WhatsApp-2024-11-02-a-las-10.34.36_faa55c4d-480x360.jpg 480w\" sizes=\"(min-width: 0px) and (max-width: 480px) 480px, (min-width: 481px) and (max-width: 980px) 980px, (min-width: 981px) 1080px, 100vw\" width=\"1080\" height=\"810\" \/>\n                            \n                        <\/div>\n                    <\/a>\n                <\/div><div class=\"grid-item\">\n                    <a href=\"http:\/\/unitrados.com\/es\/wp-content\/uploads\/2024\/12\/IMG-20180929-WA0027.jpg\"  data-title='IMG-20180929-WA0027'  data-caption='' data-mfp-src=\"http:\/\/unitrados.com\/es\/wp-content\/uploads\/2024\/12\/IMG-20180929-WA0027.jpg\">\n                        <div class=\"et_pb_image_wrap\">\n                            <img loading=\"lazy\" decoding=\"async\" src=\"http:\/\/unitrados.com\/es\/wp-content\/uploads\/2024\/12\/IMG-20180929-WA0027.jpg\" title=\"IMG-20180929-WA0027\" alt=\"\" class=\"dsm-skip-lazyload\" srcset=\"http:\/\/unitrados.com\/es\/wp-content\/uploads\/2024\/12\/IMG-20180929-WA0027.jpg 1280w, http:\/\/unitrados.com\/es\/wp-content\/uploads\/2024\/12\/IMG-20180929-WA0027-980x604.jpg 980w, http:\/\/unitrados.com\/es\/wp-content\/uploads\/2024\/12\/IMG-20180929-WA0027-480x296.jpg 480w\" sizes=\"(min-width: 0px) and (max-width: 480px) 480px, (min-width: 481px) and (max-width: 980px) 980px, (min-width: 981px) 1280px, 100vw\" width=\"1280\" height=\"789\" \/>\n                            \n                        <\/div>\n                    <\/a>\n                <\/div><div class=\"grid-item\">\n                    <a href=\"http:\/\/unitrados.com\/es\/wp-content\/uploads\/2024\/12\/LAN-ARG-TCP-Noviembre-2011-5-scaled.jpg\"  data-title='LAN ARG TCP Noviembre 2011 (5)'  data-caption='' data-mfp-src=\"http:\/\/unitrados.com\/es\/wp-content\/uploads\/2024\/12\/LAN-ARG-TCP-Noviembre-2011-5-scaled.jpg\">\n                        <div class=\"et_pb_image_wrap\">\n                            <img loading=\"lazy\" decoding=\"async\" src=\"http:\/\/unitrados.com\/es\/wp-content\/uploads\/2024\/12\/LAN-ARG-TCP-Noviembre-2011-5-scaled.jpg\" title=\"LAN ARG TCP Noviembre 2011 (5)\" alt=\"\" class=\"dsm-skip-lazyload\" srcset=\"http:\/\/unitrados.com\/es\/wp-content\/uploads\/2024\/12\/LAN-ARG-TCP-Noviembre-2011-5-scaled.jpg 2560w, http:\/\/unitrados.com\/es\/wp-content\/uploads\/2024\/12\/LAN-ARG-TCP-Noviembre-2011-5-1280x960.jpg 1280w, http:\/\/unitrados.com\/es\/wp-content\/uploads\/2024\/12\/LAN-ARG-TCP-Noviembre-2011-5-980x735.jpg 980w, http:\/\/unitrados.com\/es\/wp-content\/uploads\/2024\/12\/LAN-ARG-TCP-Noviembre-2011-5-480x360.jpg 480w\" sizes=\"(min-width: 0px) and (max-width: 480px) 480px, (min-width: 481px) and (max-width: 980px) 980px, (min-width: 981px) and (max-width: 1280px) 1280px, (min-width: 1281px) 2560px, 100vw\" width=\"2560\" height=\"1920\" \/>\n                            \n                        <\/div>\n                    <\/a>\n                <\/div><div class=\"grid-item\">\n                    <a href=\"http:\/\/unitrados.com\/es\/wp-content\/uploads\/2024\/12\/Lan-Dec-2011E-scaled.jpg\"  data-title='Lan Dec 2011E'  data-caption='' data-mfp-src=\"http:\/\/unitrados.com\/es\/wp-content\/uploads\/2024\/12\/Lan-Dec-2011E-scaled.jpg\">\n                        <div class=\"et_pb_image_wrap\">\n                            <img loading=\"lazy\" decoding=\"async\" src=\"http:\/\/unitrados.com\/es\/wp-content\/uploads\/2024\/12\/Lan-Dec-2011E-scaled.jpg\" title=\"Lan Dec 2011E\" alt=\"\" class=\"dsm-skip-lazyload\" srcset=\"http:\/\/unitrados.com\/es\/wp-content\/uploads\/2024\/12\/Lan-Dec-2011E-scaled.jpg 2560w, http:\/\/unitrados.com\/es\/wp-content\/uploads\/2024\/12\/Lan-Dec-2011E-1280x808.jpg 1280w, http:\/\/unitrados.com\/es\/wp-content\/uploads\/2024\/12\/Lan-Dec-2011E-980x618.jpg 980w, http:\/\/unitrados.com\/es\/wp-content\/uploads\/2024\/12\/Lan-Dec-2011E-480x303.jpg 480w\" sizes=\"(min-width: 0px) and (max-width: 480px) 480px, (min-width: 481px) and (max-width: 980px) 980px, (min-width: 981px) and (max-width: 1280px) 1280px, (min-width: 1281px) 2560px, 100vw\" width=\"2560\" height=\"1615\" \/>\n                            \n                        <\/div>\n                    <\/a>\n                <\/div><div class=\"grid-item\">\n                    <a href=\"http:\/\/unitrados.com\/es\/wp-content\/uploads\/2024\/12\/P1000038.jpg\"  data-title='P1000038'  data-caption='' data-mfp-src=\"http:\/\/unitrados.com\/es\/wp-content\/uploads\/2024\/12\/P1000038.jpg\">\n                        <div class=\"et_pb_image_wrap\">\n                            <img loading=\"lazy\" decoding=\"async\" src=\"http:\/\/unitrados.com\/es\/wp-content\/uploads\/2024\/12\/P1000038.jpg\" title=\"P1000038\" alt=\"\" class=\"dsm-skip-lazyload\" srcset=\"http:\/\/unitrados.com\/es\/wp-content\/uploads\/2024\/12\/P1000038.jpg 2560w, http:\/\/unitrados.com\/es\/wp-content\/uploads\/2024\/12\/P1000038-1280x960.jpg 1280w, http:\/\/unitrados.com\/es\/wp-content\/uploads\/2024\/12\/P1000038-980x735.jpg 980w, http:\/\/unitrados.com\/es\/wp-content\/uploads\/2024\/12\/P1000038-480x360.jpg 480w\" sizes=\"(min-width: 0px) and (max-width: 480px) 480px, (min-width: 481px) and (max-width: 980px) 980px, (min-width: 981px) and (max-width: 1280px) 1280px, (min-width: 1281px) 2560px, 100vw\" width=\"2560\" height=\"1920\" \/>\n                            \n                        <\/div>\n                    <\/a>\n                <\/div><div class=\"grid-item\">\n                    <a href=\"http:\/\/unitrados.com\/es\/wp-content\/uploads\/2024\/12\/TRAINING1.jpg\"  data-title='TRAINING1'  data-caption='' data-mfp-src=\"http:\/\/unitrados.com\/es\/wp-content\/uploads\/2024\/12\/TRAINING1.jpg\">\n                        <div class=\"et_pb_image_wrap\">\n                            <img loading=\"lazy\" decoding=\"async\" src=\"http:\/\/unitrados.com\/es\/wp-content\/uploads\/2024\/12\/TRAINING1.jpg\" title=\"TRAINING1\" alt=\"\" class=\"dsm-skip-lazyload\" srcset=\"http:\/\/unitrados.com\/es\/wp-content\/uploads\/2024\/12\/TRAINING1.jpg 1080w, http:\/\/unitrados.com\/es\/wp-content\/uploads\/2024\/12\/TRAINING1-980x735.jpg 980w, http:\/\/unitrados.com\/es\/wp-content\/uploads\/2024\/12\/TRAINING1-480x360.jpg 480w\" sizes=\"(min-width: 0px) and (max-width: 480px) 480px, (min-width: 481px) and (max-width: 980px) 980px, (min-width: 981px) 1080px, 100vw\" width=\"1080\" height=\"810\" \/>\n                            \n                        <\/div>\n                    <\/a>\n                <\/div><div class=\"grid-item\">\n                    <a href=\"http:\/\/unitrados.com\/es\/wp-content\/uploads\/2024\/12\/TRAINING1-1.jpg\"  data-title='TRAINING1'  data-caption='' data-mfp-src=\"http:\/\/unitrados.com\/es\/wp-content\/uploads\/2024\/12\/TRAINING1-1.jpg\">\n                        <div class=\"et_pb_image_wrap\">\n                            <img loading=\"lazy\" decoding=\"async\" src=\"http:\/\/unitrados.com\/es\/wp-content\/uploads\/2024\/12\/TRAINING1-1.jpg\" title=\"TRAINING1\" alt=\"\" class=\"dsm-skip-lazyload\" srcset=\"http:\/\/unitrados.com\/es\/wp-content\/uploads\/2024\/12\/TRAINING1-1.jpg 1080w, http:\/\/unitrados.com\/es\/wp-content\/uploads\/2024\/12\/TRAINING1-1-980x735.jpg 980w, http:\/\/unitrados.com\/es\/wp-content\/uploads\/2024\/12\/TRAINING1-1-480x360.jpg 480w\" sizes=\"(min-width: 0px) and (max-width: 480px) 480px, (min-width: 481px) and (max-width: 980px) 980px, (min-width: 981px) 1080px, 100vw\" width=\"1080\" height=\"810\" \/>\n                            \n                        <\/div>\n                    <\/a>\n                <\/div>\n             <\/div>\n\t\t\t\t<\/div>\n\t\t\t<\/div><\/p>\n","protected":false},"author":2,"featured_media":0,"parent":0,"menu_order":0,"comment_status":"closed","ping_status":"closed","template":"","meta":{"_et_pb_use_builder":"on","_et_pb_old_content":"","_et_gb_content_width":"","footnotes":""},"class_list":["post-67","page","type-page","status-publish","hentry"],"_links":{"self":[{"href":"http:\/\/unitrados.com\/es\/wp-json\/wp\/v2\/pages\/67","targetHints":{"allow":["GET"]}}],"collection":[{"href":"http:\/\/unitrados.com\/es\/wp-json\/wp\/v2\/pages"}],"about":[{"href":"http:\/\/unitrados.com\/es\/wp-json\/wp\/v2\/types\/page"}],"author":[{"embeddable":true,"href":"http:\/\/unitrados.com\/es\/wp-json\/wp\/v2\/users\/2"}],"replies":[{"embeddable":true,"href":"http:\/\/unitrados.com\/es\/wp-json\/wp\/v2\/comments?post=67"}],"version-history":[{"count":6,"href":"http:\/\/unitrados.com\/es\/wp-json\/wp\/v2\/pages\/67\/revisions"}],"predecessor-version":[{"id":503,"href":"http:\/\/unitrados.com\/es\/wp-json\/wp\/v2\/pages\/67\/revisions\/503"}],"wp:attachment":[{"href":"http:\/\/unitrados.com\/es\/wp-json\/wp\/v2\/media?parent=67"}],"curies":[{"name":"wp","href":"https:\/\/api.w.org\/{rel}","templated":true}]}}