{"id":61,"date":"2024-12-02T13:54:31","date_gmt":"2024-12-02T13:54:31","guid":{"rendered":"http:\/\/unitrados.com\/es\/?page_id=61"},"modified":"2025-01-10T10:37:51","modified_gmt":"2025-01-10T10:37:51","slug":"traduccion-e-interpretacion","status":"publish","type":"page","link":"http:\/\/unitrados.com\/es\/traduccion-e-interpretacion\/","title":{"rendered":"Traducci\u00f3n e Interpretaci\u00f3n"},"content":{"rendered":"<p>[et_pb_section fb_built=\u00bb1&#8243; admin_label=\u00bbFeatures\u00bb _builder_version=\u00bb4.16&#8243; _module_preset=\u00bbdefault\u00bb custom_padding=\u00bb52px||8px|||\u00bb global_colors_info=\u00bb{}\u00bb][et_pb_row column_structure=\u00bb1_2,1_2&#8243; _builder_version=\u00bb4.27.4&#8243; _module_preset=\u00bbdefault\u00bb global_colors_info=\u00bb{}\u00bb][et_pb_column type=\u00bb1_2&#8243; _builder_version=\u00bb4.16&#8243; _module_preset=\u00bbdefault\u00bb global_colors_info=\u00bb{}\u00bb][et_pb_text _builder_version=\u00bb4.27.4&#8243; _module_preset=\u00bb003e9429-8e11-4d9e-968b-8881092bbf81&#8243; header_2_font=\u00bb|600|||||||\u00bb header_2_text_color=\u00bb#000000&#8243; header_2_font_size=\u00bb48px\u00bb header_2_line_height=\u00bb1.1em\u00bb max_width=\u00bb800px\u00bb custom_margin=\u00bb||0px||false|false\u00bb header_2_font_size_tablet=\u00bb30px\u00bb header_2_font_size_phone=\u00bb30px\u00bb header_2_font_size_last_edited=\u00bbon|phone\u00bb header_2_line_height_tablet=\u00bb1.2em\u00bb header_2_line_height_phone=\u00bb\u00bb header_2_line_height_last_edited=\u00bbon|phone\u00bb locked=\u00bboff\u00bb global_colors_info=\u00bb{}\u00bb]<\/p>\n<h2>Traducci\u00f3n e Interpretaci\u00f3n<\/h2>\n<p>[\/et_pb_text][et_pb_text _builder_version=\u00bb4.27.4&#8243; _module_preset=\u00bb22d0da71-6393-430b-a0cd-b77dd565e85c\u00bb text_line_height=\u00bb1.8em\u00bb custom_margin=\u00bb||20px|||\u00bb custom_padding=\u00bb23px||25px|||\u00bb hover_enabled=\u00bb0&#8243; text_font_size_phone=\u00bb14px\u00bb text_font_size_last_edited=\u00bboff|desktop\u00bb header_font_size_tablet=\u00bb55px\u00bb header_font_size_last_edited=\u00bboff|desktop\u00bb locked=\u00bboff\u00bb global_colors_info=\u00bb{}\u00bb sticky_enabled=\u00bb0&#8243;]<\/p>\n<p>Si tienes material para traducir o necesitas un servicio de int\u00e9rpretes, puedes confiar en nosotros. Si bien nuestras \u00e1reas de especializaci\u00f3n son la <a href=\"http:\/\/unitrados.com\/es\/aeronautica\/\"><strong>aviaci\u00f3n<\/strong><\/a> y las soluciones de pago \/ B2B \/ prevenci\u00f3n de fraudes, ofrecemos acceso a profesionales de otras industrias. No importa el tema, cont\u00e1ctanos y te pondremos en contacto con el profesional adecuado.<\/p>\n<p>[\/et_pb_text][et_pb_toggle title=\u00bbAERON\u00c1UTICA\u00bb icon_color=\u00bb#0C71C3&#8243; toggle_icon=\u00bb&#x3f;||divi||400&#8243; use_icon_font_size=\u00bbon\u00bb icon_font_size=\u00bb22px\u00bb open_icon_color=\u00bb#0C71C3&#8243; open_toggle_icon=\u00bb&#x3e;||divi||400&#8243; open_use_icon_font_size=\u00bbon\u00bb open_icon_font_size=\u00bb22px\u00bb _builder_version=\u00bb4.27.4&#8243; _module_preset=\u00bbdefault\u00bb title_font=\u00bb|700|||||||\u00bb link_option_url_new_window=\u00bbon\u00bb global_colors_info=\u00bb{}\u00bb]Si tu empresa pertenece al rubro aeron\u00e1utico, conoce a nuestro equipo \u2018WINGS TEAM\u2019, una divisi\u00f3n de UNITRADOS dedicada al trabajo de traducciones e interpretaci\u00f3n en la industria y al desarrollo de diversos cursos relacionados con el idioma en el sector aeron\u00e1utico.<\/p>\n<p><\/b><\/p>\n<h5><a href=\"http:\/\/unitrados.com\/es\/aeronautica\/\">m\u00e1s info.<\/a><\/h5>\n<p>[\/et_pb_toggle][et_pb_toggle title=\u00bb GLOBAL PAYMENT SOLUTIONS\u00bb icon_color=\u00bb#0C71C3&#8243; toggle_icon=\u00bb&#x3f;||divi||400&#8243; use_icon_font_size=\u00bbon\u00bb icon_font_size=\u00bb22px\u00bb open_icon_color=\u00bb#0C71C3&#8243; open_toggle_icon=\u00bb&#x3e;||divi||400&#8243; open_use_icon_font_size=\u00bbon\u00bb open_icon_font_size=\u00bb22px\u00bb _builder_version=\u00bb4.27.4&#8243; _module_preset=\u00bbdefault\u00bb title_font=\u00bb|700|||||||\u00bb global_colors_info=\u00bb{}\u00bb]<\/p>\n<p>Ofrecemos servicios de traducci\u00f3n e interpretaci\u00f3n en el \u00e1mbito de las soluciones de pago globales, entre los que se incluyen:<\/p>\n<ul>\n<li><strong>Procesamiento de pagos:<\/strong><br \/>Material relacionado con el procesamiento de transacciones a trav\u00e9s de diversas plataformas.<\/li>\n<li><strong>Prevenci\u00f3n de fraudes:<\/strong><br \/>Documentos relacionados con la administraci\u00f3n del fraude en los pagos.<\/li>\n<li><strong>Soluciones de comercio electr\u00f3nico:<\/strong><br \/>Contenidos y documentaci\u00f3n para sistemas de pago online y transacciones digitales.<\/li>\n<\/ul>\n<p>Nuestro amplio conocimiento del panorama global de los pagos nos convierte en un proveedor bien preparado para responder a las necesidades espec\u00edficas de ese sector.<\/p>\n<p>[\/et_pb_toggle][et_pb_toggle title=\u00bbTRADUCCIONES P\u00daBLICAS\u00bb icon_color=\u00bb#0C71C3&#8243; toggle_icon=\u00bb&#x3f;||divi||400&#8243; use_icon_font_size=\u00bbon\u00bb icon_font_size=\u00bb22px\u00bb open_icon_color=\u00bb#0C71C3&#8243; open_toggle_icon=\u00bb&#x3e;||divi||400&#8243; open_use_icon_font_size=\u00bbon\u00bb open_icon_font_size=\u00bb22px\u00bb _builder_version=\u00bb4.27.4&#8243; _module_preset=\u00bbdefault\u00bb title_font=\u00bb|700|||||||\u00bb global_colors_info=\u00bb{}\u00bb]<\/p>\n<div class=\"et_pb_module et_pb_text et_pb_text_6  et_pb_text_align_left et_pb_bg_layout_light\">\n<div class=\"et_pb_text_inner\">\n<p>Elegir un Traductor P\u00fablico matriculado en el Colegio de Traductores P\u00fablicos correspondiente para la traducci\u00f3n de tus documentos personales, contratos, poderes, patentes, etc., es fundamental. \u201cEl Traductor P\u00fablico es el profesional universitario cuya incumbencia, de conformidad con la <a href=\"https:\/\/www.argentina.gob.ar\/normativa\/nacional\/ley-20305-194196\/texto\" target=\"_blank\" rel=\"noopener\">Ley 20.305<\/a>, es la traducci\u00f3n de todo documento que se presente en idioma extranjero ante reparticiones, entidades u organismos p\u00fablicos. Es el \u00fanico profesional habilitado para actuar como int\u00e9rprete y traductor en sede judicial.\u201d<\/p>\n<p>\u201cLa traducci\u00f3n de un documento de un idioma extranjero al nacional o del idioma nacional al extranjero tiene car\u00e1cter p\u00fablico cuando lleva la firma y el sello de un traductor matriculado en los idiomas en los que interviene, en estricto cumplimiento con las formalidades establecidas por el CTPCBA que legaliza la firma y el sello del profesional insertos en la traducci\u00f3n.\u201d<\/p>\n<p>\u201cAs\u00ed, el traductor p\u00fablico con su firma da fe de lo traducido y se responsabiliza \u00e9tica y legalmente por su trabajo.\u201d<\/p>\n<\/div>\n<\/div>\n<div class=\"et_pb_module et_pb_text et_pb_text_7  et_pb_text_align_left et_pb_bg_layout_light\">\n<div class=\"et_pb_text_inner\">\n<h6><strong>Fuente:<\/strong> Colegio de Traductores P\u00fablicos de la Ciudad de Buenos Aires<\/h6>\n<\/div>\n<\/div>\n<p>[\/et_pb_toggle][\/et_pb_column][et_pb_column type=\u00bb1_2&#8243; _builder_version=\u00bb4.16&#8243; _module_preset=\u00bbdefault\u00bb global_colors_info=\u00bb{}\u00bb][dsm_masonry_gallery gallery_ids=\u00bb359,343,341,340,342,336,337,338&#8243; columns=\u00bb2&#8243; use_lightbox=\u00bbon\u00bb _builder_version=\u00bb4.27.4&#8243; _module_preset=\u00bbdefault\u00bb global_colors_info=\u00bb{}\u00bb][\/dsm_masonry_gallery][\/et_pb_column][\/et_pb_row][\/et_pb_section]<\/p>\n","protected":false},"excerpt":{"rendered":"<p>Traducci\u00f3n e Interpretaci\u00f3nSi tienes material para traducir o necesitas un servicio de int\u00e9rpretes, puedes confiar en nosotros. Si bien nuestras \u00e1reas de especializaci\u00f3n son la aviaci\u00f3n y las soluciones de pago \/ B2B \/ prevenci\u00f3n de fraudes, ofrecemos acceso a profesionales de otras industrias. No importa el tema, cont\u00e1ctanos y te pondremos en contacto con el profesional adecuado.Si tu empresa pertenece al rubro aeron\u00e1utico, conoce a nuestro equipo \u2018WINGS TEAM\u2019, una divisi\u00f3n de UNITRADOS dedicada al trabajo de traducciones e interpretaci\u00f3n en la industria y al desarrollo de diversos cursos relacionados con el idioma en el sector aeron\u00e1utico. m\u00e1s info.Ofrecemos servicios de traducci\u00f3n e interpretaci\u00f3n en el \u00e1mbito de las soluciones de pago globales, entre los que se incluyen: Procesamiento de pagos:Material relacionado con el procesamiento de transacciones a trav\u00e9s de diversas plataformas. Prevenci\u00f3n de fraudes:Documentos relacionados con la administraci\u00f3n del fraude en los pagos. Soluciones de comercio electr\u00f3nico:Contenidos y documentaci\u00f3n para sistemas de pago online y transacciones digitales. Nuestro amplio conocimiento del panorama global de los pagos nos convierte en un proveedor bien preparado para responder a las necesidades espec\u00edficas de ese sector. Elegir un Traductor P\u00fablico matriculado en el Colegio de Traductores P\u00fablicos correspondiente para la traducci\u00f3n de [&hellip;]<\/p>\n","protected":false},"author":2,"featured_media":0,"parent":0,"menu_order":0,"comment_status":"closed","ping_status":"closed","template":"","meta":{"_et_pb_use_builder":"on","_et_pb_old_content":"","_et_gb_content_width":"","footnotes":""},"class_list":["post-61","page","type-page","status-publish","hentry"],"_links":{"self":[{"href":"http:\/\/unitrados.com\/es\/wp-json\/wp\/v2\/pages\/61","targetHints":{"allow":["GET"]}}],"collection":[{"href":"http:\/\/unitrados.com\/es\/wp-json\/wp\/v2\/pages"}],"about":[{"href":"http:\/\/unitrados.com\/es\/wp-json\/wp\/v2\/types\/page"}],"author":[{"embeddable":true,"href":"http:\/\/unitrados.com\/es\/wp-json\/wp\/v2\/users\/2"}],"replies":[{"embeddable":true,"href":"http:\/\/unitrados.com\/es\/wp-json\/wp\/v2\/comments?post=61"}],"version-history":[{"count":23,"href":"http:\/\/unitrados.com\/es\/wp-json\/wp\/v2\/pages\/61\/revisions"}],"predecessor-version":[{"id":535,"href":"http:\/\/unitrados.com\/es\/wp-json\/wp\/v2\/pages\/61\/revisions\/535"}],"wp:attachment":[{"href":"http:\/\/unitrados.com\/es\/wp-json\/wp\/v2\/media?parent=61"}],"curies":[{"name":"wp","href":"https:\/\/api.w.org\/{rel}","templated":true}]}}